







{"id":9441,"date":"2021-10-25T20:25:41","date_gmt":"2021-10-26T00:25:41","guid":{"rendered":"https:\/\/tojiji.com\/?post_type=product&#038;p=9441"},"modified":"2023-08-15T13:12:39","modified_gmt":"2023-08-15T17:12:39","slug":"airport-golf-club-surany-2-players-18-holes-free-same-day-replay-walking-for-both-rounds","status":"publish","type":"product","link":"https:\/\/tojiji.com\/cs\/deals\/airport-golf-club-surany-2-players-18-holes-free-same-day-replay-walking-for-both-rounds\/","title":{"rendered":"Airport Golf Club \u0160urany | 2 hr\u00e1\u010di | 18 jamek &amp; Extra runda zdarma t\u00fd\u017e den (ob\u011b rundy bez aut\u00ed\u010dka)"},"content":{"rendered":"<p><strong>LETI\u0160TN\u00cd GOLFOV\u00dd KLUB<\/strong><\/p>\n<p>Airport Golf Club bol zalo\u017een\u00fd v roku 2008 a je aktu\u00e1lne prv\u00fdm golfov\u00fdm klubem v Nitrianskom kraji.<br \/>\n\u010clenom aj n\u00e1v\u0161tevn\u00edkom pon\u00faka v\u00fdborn\u00e9 hracie podm\u00ednky \u2013 plnohodnotn\u00e9 9-jamkov\u00e9, par 35 s j\u00edzdou na h\u0159i\u0161ti 2500m, kryt\u00fd a osvetlen\u00fd rozsah s \u017eivotnost\u00ed 220 m, chipping area a putting green. Atraktivn\u00edmi dopl\u0148kov\u00fdmi aktivitami jsou rovn\u011b\u017e footgolf, discgolf a lukost\u0159elba.<br \/>\nTuto sez\u00f3nu v\u00e1s nav\u00edc \u010dek\u00e1 n\u011bkolik golfov\u00fdch akci\u00ed aj turnaj\u016f, tak\u017ee te\u010f je ten nejlep\u0161\u00ed \u010das, aby jste se p\u0159idali k n\u00e1m. N\u00e1\u0161 c\u00edl je poskytnout v\u00e1m co nejlep\u0161\u00ed golfov\u00fd z\u00e1\u017eitek.<\/p>","protected":false},"excerpt":{"rendered":"<p>AIRPORT GOLF CLUB Airport Golf Club bol zalo\u017een\u00fd v roku 2008 a je aktu\u00e1lne prv\u00fdm golfov\u00fdm klubom v Nitrianskom kraji. \u010clenom aj n\u00e1v\u0161tevn\u00edkom pon\u00faka v\u00fdborn\u00e9 hracie podmienky \u2013 plnohodnotn\u00e9 9-jamkov\u00e9 ihrisko, par 35 s d\u013a\u017ekou 2500m, kryt\u00fd a osvetlen\u00fd driving range s d\u013a\u017ekou 220 m, chipping area a putting green. Atrakt\u00edvnymi doplnkov\u00fdmi aktivitami s\u00fa takisto [&hellip;]<\/p>","protected":false},"featured_media":9440,"comment_status":"open","ping_status":"closed","template":"","meta":{"inline_featured_image":false},"product_cat":[230],"product_tag":[322],"acf":[],"_links":{"self":[{"href":"https:\/\/tojiji.com\/cs\/wp-json\/wp\/v2\/product\/9441"}],"collection":[{"href":"https:\/\/tojiji.com\/cs\/wp-json\/wp\/v2\/product"}],"about":[{"href":"https:\/\/tojiji.com\/cs\/wp-json\/wp\/v2\/types\/product"}],"replies":[{"embeddable":true,"href":"https:\/\/tojiji.com\/cs\/wp-json\/wp\/v2\/comments?post=9441"}],"version-history":[{"count":2,"href":"https:\/\/tojiji.com\/cs\/wp-json\/wp\/v2\/product\/9441\/revisions"}],"predecessor-version":[{"id":10560,"href":"https:\/\/tojiji.com\/cs\/wp-json\/wp\/v2\/product\/9441\/revisions\/10560"}],"wp:featuredmedia":[{"embeddable":true,"href":"https:\/\/tojiji.com\/cs\/wp-json\/wp\/v2\/media\/9440"}],"wp:attachment":[{"href":"https:\/\/tojiji.com\/cs\/wp-json\/wp\/v2\/media?parent=9441"}],"wp:term":[{"taxonomy":"product_cat","embeddable":true,"href":"https:\/\/tojiji.com\/cs\/wp-json\/wp\/v2\/product_cat?post=9441"},{"taxonomy":"product_tag","embeddable":true,"href":"https:\/\/tojiji.com\/cs\/wp-json\/wp\/v2\/product_tag?post=9441"}],"curies":[{"name":"wp","href":"https:\/\/api.w.org\/{rel}","templated":true}]}}