







{"id":9435,"date":"2021-10-25T19:29:44","date_gmt":"2021-10-25T23:29:44","guid":{"rendered":"https:\/\/tojiji.com\/?post_type=product&#038;p=9435"},"modified":"2023-08-15T13:12:47","modified_gmt":"2023-08-15T17:12:47","slug":"golf-klub-pegas-lozorno-2-players-18-holes-fsd-replay-walking-for-both-rounds","status":"publish","type":"product","link":"https:\/\/tojiji.com\/cs\/deals\/golf-klub-pegas-lozorno-2-players-18-holes-fsd-replay-walking-for-both-rounds\/","title":{"rendered":"Golfov\u00fd Klub Pegas - Lozorno | 2 hr\u00e1\u010d(i) | 18 jamek &amp; Extra Runda zdarma t\u00fd\u017e den (ob\u011b rundy bez aut\u00ed\u010dka)"},"content":{"rendered":"<p><strong>Sta\u0148te se \u010dlenem Golf Club Pegas v Lozorne<\/strong><\/p>\n<p>\u010clenstvo v klubu vznik\u00e1 registrac\u00ed hr\u00e1\u010de, po zaplacen\u00ed vstupn\u00e9ho poplatku. Doba platnosti ro\u010dn\u00e9ho \u010dlenstva je kalend\u00e1\u0159n\u00ed rok.<\/p>\n<p><strong>V\u00fdhody \u010dlenstva<\/strong><\/p>\n<ul>\n<li>\u010dlensk\u00e1 karta SKGA a vedenie HCP<\/li>\n<li>neobmedzen\u00e1 hra na ihrisku, voln\u00e9 lopty na driving range,<\/li>\n<li>bezplatn\u00e9 vyu\u017e\u00edvanie tr\u00e9ningov\u00fdch pl\u00f4ch (chipping, putting, pitching sand bunker)<\/li>\n<li>Z\u013eavy 20% \u2013 30% na greenfee na partnersk\u00fdch ihrisk\u00e1ch<\/li>\n<\/ul>\n<p><strong>Kontaktujte n\u00e1s<\/strong><\/p>\n<p>Golfov\u00fd klub Pegas<br \/>\nPoto\u010dn\u00e1 942<br \/>\n900 55 Lozorno<\/p>\n<p>Tel.: + 421\/ 917 624 876 (recepce)<br \/>\n+ 421\/ 905 299 396 (Ing. Michal Oravec)<br \/>\nEmail: golflozorno@golflozorno.sk<br \/>\nmichaloravec33@gmail.com<\/p>","protected":false},"excerpt":{"rendered":"<p>Sta\u0148te sa \u010dlenom Golf Club Pegas v Lozorne \u010clenstvo v klube vznik\u00e1 registr\u00e1ciou hr\u00e1\u010da, po zaplaten\u00ed vstupn\u00e9ho poplatku. Doba platnosti ro\u010dn\u00e9ho \u010dlenstva je kalend\u00e1rny rok. V\u00fdhody \u010dlenstva \u010dlensk\u00e1 karta SKGA a vedenie HCP neobmedzen\u00e1 hra na ihrisku, vo\u013en\u00e9 lopty na driving range, bezplatn\u00e9 vyu\u017e\u00edvanie tr\u00e9ningov\u00fdch pl\u00f4ch (chipping, putting, pitching a sand bunker) Z\u013eavy 20% \u2013 [&hellip;]<\/p>","protected":false},"featured_media":9434,"comment_status":"open","ping_status":"closed","template":"","meta":{"inline_featured_image":false},"product_cat":[230],"product_tag":[322],"acf":[],"_links":{"self":[{"href":"https:\/\/tojiji.com\/cs\/wp-json\/wp\/v2\/product\/9435"}],"collection":[{"href":"https:\/\/tojiji.com\/cs\/wp-json\/wp\/v2\/product"}],"about":[{"href":"https:\/\/tojiji.com\/cs\/wp-json\/wp\/v2\/types\/product"}],"replies":[{"embeddable":true,"href":"https:\/\/tojiji.com\/cs\/wp-json\/wp\/v2\/comments?post=9435"}],"version-history":[{"count":1,"href":"https:\/\/tojiji.com\/cs\/wp-json\/wp\/v2\/product\/9435\/revisions"}],"predecessor-version":[{"id":11018,"href":"https:\/\/tojiji.com\/cs\/wp-json\/wp\/v2\/product\/9435\/revisions\/11018"}],"wp:featuredmedia":[{"embeddable":true,"href":"https:\/\/tojiji.com\/cs\/wp-json\/wp\/v2\/media\/9434"}],"wp:attachment":[{"href":"https:\/\/tojiji.com\/cs\/wp-json\/wp\/v2\/media?parent=9435"}],"wp:term":[{"taxonomy":"product_cat","embeddable":true,"href":"https:\/\/tojiji.com\/cs\/wp-json\/wp\/v2\/product_cat?post=9435"},{"taxonomy":"product_tag","embeddable":true,"href":"https:\/\/tojiji.com\/cs\/wp-json\/wp\/v2\/product_tag?post=9435"}],"curies":[{"name":"wp","href":"https:\/\/api.w.org\/{rel}","templated":true}]}}